{"id":70,"date":"2020-03-16T13:58:05","date_gmt":"2020-03-16T12:58:05","guid":{"rendered":"http:\/\/www.asc-spain.es\/?page_id=70"},"modified":"2023-07-31T09:52:27","modified_gmt":"2023-07-31T07:52:27","slug":"administracion-cad-bim","status":"publish","type":"page","link":"https:\/\/www.asc-spain.es\/index.php\/servicios\/administracion-cad-bim\/","title":{"rendered":"Administraci\u00f3n DT"},"content":{"rendered":"<p>[vc_row content_placement=\u00bbbottom\u00bb inner_container=\u00bbno\u00bb section_type=\u00bbheader\u00bb padding_top=\u00bb\u00bb padding_bottom=\u00bb\u00bb][vc_column][vc_single_image image=\u00bb14315&#8243; img_size=\u00bb1920px\u00bb alignment=\u00bbcenter\u00bb full_width=\u00bbyes\u00bb][\/vc_column][\/vc_row][vc_row][vc_column][vc_column_text]<\/p>\n<h2 style=\"text-align: center;\"><em>Gemelos Digitales<\/em>\u00a0para Real Estate, Asset &amp; Facility Management<\/h2>\n<h3 style=\"text-align: center;\">Aproveche nuestros acreditados conocimientos y amplia experiencia en la digitalizaci\u00f3n del Entorno Construido<\/h3>\n<p>[\/vc_column_text][\/vc_column][\/vc_row][vc_row][vc_column width=\u00bb1\/3&#8243;][vc_single_image image=\u00bb13344&#8243; img_size=\u00bb500&#8243; alignment=\u00bbcenter\u00bb style=\u00bbvc_box_shadow\u00bb full_width=\u00bbyes\u00bb][vc_column_text responsive_font=\u00bbyes\u00bb]<\/p>\n<h3 style=\"text-align: left;\"><span style=\"font-family: avenirltstd-book;\"><strong> <i class=\"icon-check\"><\/i>  <\/strong><\/span><b>PIM2AIM SERVICES<\/b><\/h3>\n<h4>A partir de la documentaci\u00f3n CAD\/BIM resultante del proceso constructivo, producimos <em>gemelos digitales<\/em> espec\u00edficos para la gesti\u00f3n del <em>Real Estate<\/em>, <em>Asset &amp; Facility management <\/em>en ARCHIBUS. Redacci\u00f3n de anexos relativos a RE, AM &amp; FM para <em>OIRs, AIR o EIRs<\/em>.<\/h4>\n<p>[\/vc_column_text][\/vc_column][vc_column width=\u00bb1\/3&#8243;][vc_single_image image=\u00bb13459&#8243; img_size=\u00bb500&#8243; alignment=\u00bbcenter\u00bb style=\u00bbvc_box_shadow\u00bb full_width=\u00bbyes\u00bb][vc_column_text]<\/p>\n<h3 style=\"text-align: left;\"><strong><i class=\"icon-check\"><\/i>  <\/strong><b>DIGITALIZACI\u00d3N<\/b><\/h3>\n<h4>A partir de modelizaciones legadas del entorno construido, producimos <em>gemelos digitales<\/em> para gestionar, analizar y optimizar el rendimiento de los edificios, sus espacios y activos, as\u00ed como, los servicios asociados (operaci\u00f3n, mantenimiento, limpieza, etc.) con ARCHIBUS.<\/h4>\n<p>[\/vc_column_text][\/vc_column][vc_column width=\u00bb1\/3&#8243;][vc_single_image image=\u00bb13458&#8243; img_size=\u00bb500&#8243; alignment=\u00bbcenter\u00bb style=\u00bbvc_box_shadow\u00bb][vc_column_text]<\/p>\n<h3 style=\"text-align: left;\"><strong><i class=\"icon-check\"><\/i>  <\/strong><b>AIM MANAGEMENT<\/b><\/h3>\n<h4>Gesti\u00f3n y coordinaci\u00f3n de gemelos digitales a lo largo de su ciclo de vida en un\u00a0entorno de colaboraci\u00f3n normalizado (<em>ISO 16950<\/em>). Gesti\u00f3n de cambios reglada y auditable. Publicaci\u00f3n y distribuci\u00f3n de informaci\u00f3n en un entorno controlado y seguro.<\/h4>\n<p>[\/vc_column_text][\/vc_column][\/vc_row][vc_row][vc_column]<div class=\"text-center\"><a class=\"btn btn-special btn-primary btn-xl\" href=\"https:\/\/www.asc-spain.es\/index.php\/compania\/contacto\/\" style=\"font-size: 20px;font-weight: 700;border: none !important; box-shadow: none;border: none !important;\">Contactar<\/a><\/div>[\/vc_column][\/vc_row]<\/p>\n","protected":false},"excerpt":{"rendered":"<p>[vc_row content_placement=\u00bbbottom\u00bb inner_container=\u00bbno\u00bb section_type=\u00bbheader\u00bb padding_top=\u00bb\u00bb padding_bottom=\u00bb\u00bb][vc_column][vc_single_image image=\u00bb14315&#8243; img_size=\u00bb1920px\u00bb alignment=\u00bbcenter\u00bb full_width=\u00bbyes\u00bb][\/vc_column][\/vc_row][vc_row][vc_column][vc_column_text] Gemelos Digitales\u00a0para Real Estate, Asset &amp; Facility Management Aproveche nuestros acreditados conocimientos y amplia experiencia en la digitalizaci\u00f3n del Entorno Construido [\/vc_column_text][\/vc_column][\/vc_row][vc_row][vc_column width=\u00bb1\/3&#8243;][vc_single_image image=\u00bb13344&#8243; img_size=\u00bb500&#8243; alignment=\u00bbcenter\u00bb style=\u00bbvc_box_shadow\u00bb full_width=\u00bbyes\u00bb][vc_column_text responsive_font=\u00bbyes\u00bb] PIM2AIM SERVICES A partir de la documentaci\u00f3n CAD\/BIM resultante del proceso constructivo, producimos gemelos digitales espec\u00edficos para la gesti\u00f3n del Real [&hellip;]<\/p>\n","protected":false},"author":1,"featured_media":0,"parent":103,"menu_order":0,"comment_status":"closed","ping_status":"closed","template":"page-templates\/full-width.php","meta":{"footnotes":""},"class_list":["post-70","page","type-page","status-publish","hentry"],"_links":{"self":[{"href":"https:\/\/www.asc-spain.es\/index.php\/wp-json\/wp\/v2\/pages\/70","targetHints":{"allow":["GET"]}}],"collection":[{"href":"https:\/\/www.asc-spain.es\/index.php\/wp-json\/wp\/v2\/pages"}],"about":[{"href":"https:\/\/www.asc-spain.es\/index.php\/wp-json\/wp\/v2\/types\/page"}],"author":[{"embeddable":true,"href":"https:\/\/www.asc-spain.es\/index.php\/wp-json\/wp\/v2\/users\/1"}],"replies":[{"embeddable":true,"href":"https:\/\/www.asc-spain.es\/index.php\/wp-json\/wp\/v2\/comments?post=70"}],"version-history":[{"count":68,"href":"https:\/\/www.asc-spain.es\/index.php\/wp-json\/wp\/v2\/pages\/70\/revisions"}],"predecessor-version":[{"id":15482,"href":"https:\/\/www.asc-spain.es\/index.php\/wp-json\/wp\/v2\/pages\/70\/revisions\/15482"}],"up":[{"embeddable":true,"href":"https:\/\/www.asc-spain.es\/index.php\/wp-json\/wp\/v2\/pages\/103"}],"wp:attachment":[{"href":"https:\/\/www.asc-spain.es\/index.php\/wp-json\/wp\/v2\/media?parent=70"}],"curies":[{"name":"wp","href":"https:\/\/api.w.org\/{rel}","templated":true}]}}