{"id":62,"date":"2020-03-16T13:59:40","date_gmt":"2020-03-16T12:59:40","guid":{"rendered":"http:\/\/www.asc-spain.es\/?page_id=62"},"modified":"2024-01-30T12:07:05","modified_gmt":"2024-01-30T11:07:05","slug":"conexiones","status":"publish","type":"page","link":"https:\/\/www.asc-spain.es\/index.php\/plataforma-archibus\/conexiones\/","title":{"rendered":"Plataforma"},"content":{"rendered":"<p>[vc_row content_placement=\u00bbtop\u00bb inner_container=\u00bbno\u00bb section_type=\u00bbheader\u00bb padding_top=\u00bb\u00bb padding_bottom=\u00bb\u00bb][vc_column][vc_single_image image=\u00bb14451&#8243; img_size=\u00bb1920px\u00bb full_width=\u00bbyes\u00bb][\/vc_column][\/vc_row][vc_row][vc_column][vc_column_text]<\/p>\n<h2 style=\"text-align: center;\">Portal para la Gesti\u00f3n Integral y Colaborativa del Entorno Construido<\/h2>\n<h3 style=\"text-align: center;\">Implemente su estrategia digital, apoy\u00e1ndose en la plataforma tecnol\u00f3gica y de servicios m\u00e1s avanzada del mercado<\/h3>\n<p>[\/vc_column_text][\/vc_column][\/vc_row][vc_row][vc_column width=\u00bb1\/3&#8243;][vc_single_image image=\u00bb14454&#8243; img_size=\u00bb500&#8243; alignment=\u00bbcenter\u00bb style=\u00bbvc_box_shadow\u00bb][vc_column_text]<\/p>\n<h4 style=\"text-align: left;\"><strong><i class=\"icon-check\"><\/i> \u00a0<\/strong><strong>ARCHIBUS<\/strong><\/h4>\n<h4>Sistema para la<strong> Gesti\u00f3n Integral del Entorno Construido<\/strong>, configurado acorde a normas internacionales y las mejores pr\u00e1cticas de gesti\u00f3n de la industria. M\u00e1xima\u00a0 eficiencia operativa. \u00a0Soporte a la toma de decisiones estrat\u00e9gicas en la planificaci\u00f3n y gesti\u00f3n de los edificios.<\/h4>\n<p>[\/vc_column_text][\/vc_column][vc_column width=\u00bb1\/3&#8243;][vc_single_image image=\u00bb13448&#8243; img_size=\u00bb500&#8243; alignment=\u00bbcenter\u00bb style=\u00bbvc_box_shadow\u00bb][vc_column_text]<\/p>\n<h4 style=\"text-align: left;\"><strong><i class=\"icon-check\"><\/i>  Entorno de Colaboraci\u00f3n (CDE)<\/strong><\/h4>\n<h4>Portal de <strong>comunicaci\u00f3n, coordinaci\u00f3n<\/strong> y <strong>colaboraci\u00f3n<\/strong> para el desarrollo continuo, unificado y normalizado de los <strong>gemelos digitales<\/strong> del entorno construido a lo largo de todo su ciclo de vida. Repositorio central con visualizaci\u00f3n directa de modelos 3D.<\/h4>\n<p>[\/vc_column_text][\/vc_column][vc_column width=\u00bb1\/3&#8243;][vc_single_image image=\u00bb13265&#8243; img_size=\u00bb500&#8243; alignment=\u00bbcenter\u00bb style=\u00bbvc_box_shadow\u00bb][vc_column_text responsive_font=\u00bbyes\u00bb]<\/p>\n<h4 style=\"text-align: left;\"><strong><i class=\"icon-check\"><\/i>  Neutrum <\/strong><strong>IoT Hub<\/strong><\/h4>\n<h4>Compilaci\u00f3n de datos provenientes de la <i>sens\u00f3rica<\/i> desplegada en\u00a0 los edificios. Suministro de datos en tiempo real para la <strong>monitorizaci\u00f3n continua<\/strong> del <em>estado y rendimiento de los activos, tr\u00e1nsito y ocupaci\u00f3n del espacio, condiciones medioambientales, consumos, <\/em>etc.<\/h4>\n<p>[\/vc_column_text][\/vc_column][\/vc_row][vc_row][vc_column width=\u00bb1\/3&#8243;][vc_single_image image=\u00bb13268&#8243; img_size=\u00bb500&#8243; alignment=\u00bbcenter\u00bb style=\u00bbvc_box_shadow\u00bb][vc_column_text]<\/p>\n<h4 style=\"text-align: left;\"><strong><i class=\"icon-check\"><\/i>  <\/strong><strong>\u00a0Mapas y Realidad Capturada<\/strong><\/h4>\n<h4>Georreferenciaci\u00f3n de los activos sobre mapas. Consulta y an\u00e1lisis del entorno construido y sus instalaciones sobre la base de modelizaciones realizadas mediante escaneado 3D (<em>realidad capturada<\/em>).<\/h4>\n<p>[\/vc_column_text][\/vc_column][vc_column width=\u00bb1\/3&#8243;][vc_single_image image=\u00bb13267&#8243; img_size=\u00bb500&#8243; alignment=\u00bbcenter\u00bb style=\u00bbvc_box_shadow\u00bb][vc_column_text]<\/p>\n<h4 style=\"text-align: left;\"><strong><i class=\"icon-check\"><\/i> \u00a0<\/strong><b>Business Intelligence<\/b><\/h4>\n<h4>Paneles informativos y de gesti\u00f3n. Extenso conjunto de informes para el an\u00e1lisis <em>hol\u00edstico<\/em> (<em>perspectiva econ\u00f3mica, operativa, ocupaci\u00f3n,<\/em> etc.) del entorno construido. Monitorizaci\u00f3n de la actividad, costes, etc.<\/h4>\n<p>[\/vc_column_text][\/vc_column][vc_column width=\u00bb1\/3&#8243;][vc_single_image image=\u00bb14455&#8243; img_size=\u00bb500&#8243; alignment=\u00bbcenter\u00bb style=\u00bbvc_box_shadow\u00bb][vc_column_text]<\/p>\n<h4 style=\"text-align: left;\"><strong><i class=\"icon-check\"><\/i>  Interconectividad<\/strong><\/h4>\n<h4>Automatizaci\u00f3n de la conectividad con sistemas externos (ERP, BMS, CRM, DMS, BI, etc.). Coordinaci\u00f3n de flujos de trabajo e intercambio\u00a0 seguro, eficiente, trazable, preciso y coordinado de datos.<\/h4>\n<h4>.<\/h4>\n<p>[\/vc_column_text][\/vc_column][\/vc_row][vc_row][vc_column]<div class=\"text-center\"><a class=\"btn btn-special btn-highlight btn-xl\" href=\"https:\/\/www.asc-spain.es\/index.php\/compania\/contacto\/\" style=\"font-weight: 700;border: none !important; box-shadow: none;\">Contactar<\/a><\/div>[\/vc_column][\/vc_row]<\/p>\n","protected":false},"excerpt":{"rendered":"<p>[vc_row content_placement=\u00bbtop\u00bb inner_container=\u00bbno\u00bb section_type=\u00bbheader\u00bb padding_top=\u00bb\u00bb padding_bottom=\u00bb\u00bb][vc_column][vc_single_image image=\u00bb14451&#8243; img_size=\u00bb1920px\u00bb full_width=\u00bbyes\u00bb][\/vc_column][\/vc_row][vc_row][vc_column][vc_column_text] Portal para la Gesti\u00f3n Integral y Colaborativa del Entorno Construido Implemente su estrategia digital, apoy\u00e1ndose en la plataforma tecnol\u00f3gica y de servicios m\u00e1s avanzada del mercado [\/vc_column_text][\/vc_column][\/vc_row][vc_row][vc_column width=\u00bb1\/3&#8243;][vc_single_image image=\u00bb14454&#8243; img_size=\u00bb500&#8243; alignment=\u00bbcenter\u00bb style=\u00bbvc_box_shadow\u00bb][vc_column_text] \u00a0ARCHIBUS Sistema para la Gesti\u00f3n Integral del Entorno Construido, configurado acorde a normas internacionales y las mejores pr\u00e1cticas de [&hellip;]<\/p>\n","protected":false},"author":1,"featured_media":0,"parent":101,"menu_order":0,"comment_status":"closed","ping_status":"closed","template":"page-templates\/full-width.php","meta":{"footnotes":""},"class_list":["post-62","page","type-page","status-publish","hentry"],"_links":{"self":[{"href":"https:\/\/www.asc-spain.es\/index.php\/wp-json\/wp\/v2\/pages\/62","targetHints":{"allow":["GET"]}}],"collection":[{"href":"https:\/\/www.asc-spain.es\/index.php\/wp-json\/wp\/v2\/pages"}],"about":[{"href":"https:\/\/www.asc-spain.es\/index.php\/wp-json\/wp\/v2\/types\/page"}],"author":[{"embeddable":true,"href":"https:\/\/www.asc-spain.es\/index.php\/wp-json\/wp\/v2\/users\/1"}],"replies":[{"embeddable":true,"href":"https:\/\/www.asc-spain.es\/index.php\/wp-json\/wp\/v2\/comments?post=62"}],"version-history":[{"count":86,"href":"https:\/\/www.asc-spain.es\/index.php\/wp-json\/wp\/v2\/pages\/62\/revisions"}],"predecessor-version":[{"id":15527,"href":"https:\/\/www.asc-spain.es\/index.php\/wp-json\/wp\/v2\/pages\/62\/revisions\/15527"}],"up":[{"embeddable":true,"href":"https:\/\/www.asc-spain.es\/index.php\/wp-json\/wp\/v2\/pages\/101"}],"wp:attachment":[{"href":"https:\/\/www.asc-spain.es\/index.php\/wp-json\/wp\/v2\/media?parent=62"}],"curies":[{"name":"wp","href":"https:\/\/api.w.org\/{rel}","templated":true}]}}