{"id":58,"date":"2020-03-16T13:59:40","date_gmt":"2020-03-16T12:59:40","guid":{"rendered":"http:\/\/www.asc-spain.es\/?page_id=58"},"modified":"2023-04-25T08:54:38","modified_gmt":"2023-04-25T06:54:38","slug":"sectores","status":"publish","type":"page","link":"https:\/\/www.asc-spain.es\/index.php\/soluciones\/sectores\/","title":{"rendered":"Sectores"},"content":{"rendered":"<p>[vc_row content_placement=\u00bbtop\u00bb inner_container=\u00bbno\u00bb section_type=\u00bbheader\u00bb padding_top=\u00bb\u00bb padding_bottom=\u00bb\u00bb][vc_column][vc_single_image image=\u00bb13422&#8243; img_size=\u00bb1920x500px\u00bb alignment=\u00bbright\u00bb full_width=\u00bbyes\u00bb][\/vc_column][\/vc_row][vc_row][vc_column][vc_column_text]<\/p>\n<h2 style=\"text-align: center;\"><strong>Gestione eficientemente<span style=\"font-size: 16px;\">\u00a0<\/span>sus activos, espacios, ocupaci\u00f3n y servicios asociados<\/strong><\/h2>\n<p>[\/vc_column_text][\/vc_column][\/vc_row][vc_row][vc_column width=\u00bb1\/4&#8243;][vc_single_image image=\u00bb13333&#8243; img_size=\u00bb500&#8243; alignment=\u00bbcenter\u00bb style=\u00bbvc_box_shadow_circle_2&#8243; box_shadow=\u00bbzoom\u00bb][vc_column_text]<\/p>\n<h3 style=\"text-align: center;\"><b>BANCA &amp; SEGUROS<\/b><\/h3>\n<p>Gestione los activos inmobiliarios de forma integral: incremente la eficiencia operativa y maximice el rendimiento de su espacio de trabajo.[\/vc_column_text][\/vc_column][vc_column width=\u00bb1\/4&#8243;][vc_single_image image=\u00bb13329&#8243; img_size=\u00bb500&#8243; alignment=\u00bbcenter\u00bb style=\u00bbvc_box_shadow_circle_2&#8243; box_shadow=\u00bbzoom\u00bb][vc_column_text responsive_font=\u00bbyes\u00bb]<\/p>\n<h3 style=\"text-align: center;\"><strong>TIC &amp; SS.PP.<\/strong><\/h3>\n<p>Optimice el espacio de trabajo, asegure el confort y bienestar del entorno de trabajo. Mejore la experiencia de los ocupantes y racionalice sus costes.[\/vc_column_text][\/vc_column][vc_column width=\u00bb1\/4&#8243;][vc_single_image image=\u00bb13320&#8243; img_size=\u00bb500&#8243; alignment=\u00bbcenter\u00bb style=\u00bbvc_box_shadow_circle_2&#8243; box_shadow=\u00bbzoom\u00bb][vc_column_text]<\/p>\n<h3 style=\"text-align: center;\"><strong>RETAIL<\/strong><\/h3>\n<p>Gestione hol\u00edsticamente el patrimonio distribuido. Mejore la eficiencia operativa, reduzca la exposici\u00f3n legal y regulatoria y optimice costes e inversiones.[\/vc_column_text][\/vc_column][vc_column width=\u00bb1\/4&#8243;][vc_single_image image=\u00bb13318&#8243; img_size=\u00bb500&#8243; alignment=\u00bbcenter\u00bb style=\u00bbvc_box_shadow_circle_2&#8243; box_shadow=\u00bbzoom\u00bb][vc_column_text]<\/p>\n<h3 style=\"text-align: center;\"><strong>INMOBILIARIA &amp; FS<\/strong><\/h3>\n<p>Disponga de una visi\u00f3n global de la cartera, automatice y simplifique\u00a0 los procesos de gesti\u00f3n, incremente la eficiencia operativa y analice el rendimiento de sus activos.[\/vc_column_text][\/vc_column][\/vc_row][vc_row][vc_column width=\u00bb1\/4&#8243;][vc_single_image image=\u00bb13317&#8243; img_size=\u00bb500&#8243; alignment=\u00bbcenter\u00bb style=\u00bbvc_box_shadow_circle_2&#8243; box_shadow=\u00bbzoom\u00bb][vc_column_text]<\/p>\n<h3 style=\"text-align: center;\"><b>UTILITIES<\/b><\/h3>\n<p>Gestione eficientemente sus activos empresariales, asegure el cumplimiento normativo, optimice el espacio de trabajo y la atenci\u00f3n a los residentes.[\/vc_column_text][\/vc_column][vc_column width=\u00bb1\/4&#8243;][vc_single_image image=\u00bb13314&#8243; img_size=\u00bb500&#8243; alignment=\u00bbcenter\u00bb style=\u00bbvc_box_shadow_circle_2&#8243; box_shadow=\u00bbzoom\u00bb][vc_column_text responsive_font=\u00bbyes\u00bb]<\/p>\n<h3 style=\"text-align: center;\"><strong>SANIDAD<\/strong><\/h3>\n<p>Incremente la eficiencia operativa y monitorice los resultados. Garantice el confort y seguridad de los usuarios. Asegure el cumplimiento normativo.[\/vc_column_text][\/vc_column][vc_column width=\u00bb1\/4&#8243;][vc_single_image image=\u00bb13316&#8243; img_size=\u00bb500&#8243; alignment=\u00bbcenter\u00bb style=\u00bbvc_box_shadow_circle_2&#8243; box_shadow=\u00bbzoom\u00bb][vc_column_text]<\/p>\n<h3 style=\"text-align: center;\"><strong>SECTOR P\u00daBLICO<\/strong><\/h3>\n<p>Disponga de acceso inmediato a toda la informaci\u00f3n de los bienes p\u00fablicos. Monitorice la gesti\u00f3n y el analice continuamente los resultados obtenidos.[\/vc_column_text][\/vc_column][vc_column width=\u00bb1\/4&#8243;][vc_single_image image=\u00bb13313&#8243; img_size=\u00bb500&#8243; alignment=\u00bbcenter\u00bb style=\u00bbvc_box_shadow_circle_2&#8243; box_shadow=\u00bbzoom\u00bb][vc_column_text]<\/p>\n<h3 style=\"text-align: center;\"><strong>EDUCACI\u00d3N<\/strong><\/h3>\n<p>Racionalice el espacio. Incremente la eficiencia operativa. Garantice la seguridad y confort de los usuarios. Monitorice los servicios contratados.[\/vc_column_text][\/vc_column][\/vc_row][vc_row][vc_column]<div class=\"text-center\"><a class=\"btn btn-special btn-primary btn-xl\" href=\"https:\/\/www.asc-spain.es\/index.php\/compania\/contacto\/\" style=\"font-size: 20px;font-weight: 700;border: none !important; box-shadow: none;border: none !important;\">Contactar<\/a><\/div>[\/vc_column][\/vc_row]<\/p>\n","protected":false},"excerpt":{"rendered":"<p>[vc_row content_placement=\u00bbtop\u00bb inner_container=\u00bbno\u00bb section_type=\u00bbheader\u00bb padding_top=\u00bb\u00bb padding_bottom=\u00bb\u00bb][vc_column][vc_single_image image=\u00bb13422&#8243; img_size=\u00bb1920x500px\u00bb alignment=\u00bbright\u00bb full_width=\u00bbyes\u00bb][\/vc_column][\/vc_row][vc_row][vc_column][vc_column_text] Gestione eficientemente\u00a0sus activos, espacios, ocupaci\u00f3n y servicios asociados [\/vc_column_text][\/vc_column][\/vc_row][vc_row][vc_column width=\u00bb1\/4&#8243;][vc_single_image image=\u00bb13333&#8243; img_size=\u00bb500&#8243; alignment=\u00bbcenter\u00bb style=\u00bbvc_box_shadow_circle_2&#8243; box_shadow=\u00bbzoom\u00bb][vc_column_text] BANCA &amp; SEGUROS Gestione los activos inmobiliarios de forma integral: incremente la eficiencia operativa y maximice el rendimiento de su espacio de trabajo.[\/vc_column_text][\/vc_column][vc_column width=\u00bb1\/4&#8243;][vc_single_image image=\u00bb13329&#8243; img_size=\u00bb500&#8243; alignment=\u00bbcenter\u00bb style=\u00bbvc_box_shadow_circle_2&#8243; box_shadow=\u00bbzoom\u00bb][vc_column_text responsive_font=\u00bbyes\u00bb] TIC &amp; SS.PP. Optimice el [&hellip;]<\/p>\n","protected":false},"author":1,"featured_media":0,"parent":99,"menu_order":0,"comment_status":"closed","ping_status":"closed","template":"page-templates\/full-width.php","meta":{"footnotes":""},"class_list":["post-58","page","type-page","status-publish","hentry"],"_links":{"self":[{"href":"https:\/\/www.asc-spain.es\/index.php\/wp-json\/wp\/v2\/pages\/58","targetHints":{"allow":["GET"]}}],"collection":[{"href":"https:\/\/www.asc-spain.es\/index.php\/wp-json\/wp\/v2\/pages"}],"about":[{"href":"https:\/\/www.asc-spain.es\/index.php\/wp-json\/wp\/v2\/types\/page"}],"author":[{"embeddable":true,"href":"https:\/\/www.asc-spain.es\/index.php\/wp-json\/wp\/v2\/users\/1"}],"replies":[{"embeddable":true,"href":"https:\/\/www.asc-spain.es\/index.php\/wp-json\/wp\/v2\/comments?post=58"}],"version-history":[{"count":66,"href":"https:\/\/www.asc-spain.es\/index.php\/wp-json\/wp\/v2\/pages\/58\/revisions"}],"predecessor-version":[{"id":15449,"href":"https:\/\/www.asc-spain.es\/index.php\/wp-json\/wp\/v2\/pages\/58\/revisions\/15449"}],"up":[{"embeddable":true,"href":"https:\/\/www.asc-spain.es\/index.php\/wp-json\/wp\/v2\/pages\/99"}],"wp:attachment":[{"href":"https:\/\/www.asc-spain.es\/index.php\/wp-json\/wp\/v2\/media?parent=58"}],"curies":[{"name":"wp","href":"https:\/\/api.w.org\/{rel}","templated":true}]}}