{"id":14657,"date":"2021-01-09T10:49:35","date_gmt":"2021-01-09T09:49:35","guid":{"rendered":"https:\/\/www.asc-spain.es\/?page_id=14657"},"modified":"2023-04-21T13:08:33","modified_gmt":"2023-04-21T11:08:33","slug":"real-estate","status":"publish","type":"page","link":"https:\/\/www.asc-spain.es\/index.php\/soluciones\/real-estate\/","title":{"rendered":"Real Estate"},"content":{"rendered":"<p>[vc_row inner_container=\u00bbno\u00bb padding_top=\u00bb1&#8243; padding_bottom=\u00bb1&#8243;][vc_column][vc_single_image image=\u00bb14660&#8243; img_size=\u00bb1920px\u00bb alignment=\u00bbcenter\u00bb full_width=\u00bbyes\u00bb][\/vc_column][\/vc_row][vc_row content_placement=\u00bbmiddle\u00bb text_align=\u00bbcenter\u00bb text_color=\u00bb#0a0a0a\u00bb type=\u00bbcolor\u00bb bg_color=\u00bb#fff9ed\u00bb padding_top=\u00bb\u00bb padding_bottom=\u00bb\u00bb fixed_height=\u00bb\u00bb][vc_column css=\u00bb.vc_custom_1609580378482{border-radius: 30px !important;}\u00bb][vc_wp_text]<\/p>\n<h2 style=\"text-align: center;\"><strong>GESTIONE EFICIENTEMENTE SU CARTERA DE INMUEBLES<\/strong><\/h2>\n<p>[\/vc_wp_text][\/vc_column][\/vc_row][vc_row section_type=\u00bbfooter\u00bb type=\u00bbcolor\u00bb bg_color=\u00bb#fff9ed\u00bb padding_top=\u00bb\u00bb padding_bottom=\u00bb\u00bb min_height=\u00bb\u00bb fixed_height=\u00bb\u00bb][vc_column][vc_column_text responsive_font=\u00bbyes\u00bb]<\/p>\n<h2 style=\"text-align: center;\"><strong><span style=\"color: #333333;\">APLICACIONES Y SERVICIOS<\/span><\/strong><\/h2>\n<p>[\/vc_column_text][\/vc_column][\/vc_row][vc_row equal_height=\u00bbyes\u00bb][vc_column css_animation=\u00bbnone\u00bb width=\u00bb1\/3&#8243; css=\u00bb.vc_custom_1610280853514{background-color: #cccccc !important;background-position: center !important;background-repeat: no-repeat !important;background-size: cover !important;border-radius: 15px !important;}\u00bb][vc_single_image image=\u00bb14676&#8243; img_size=\u00bb500&#215;250&#8243; alignment=\u00bbcenter\u00bb style=\u00bbvc_box_shadow_3d\u00bb full_width=\u00bbyes\u00bb][vc_column_text responsive_font=\u00bbyes\u00bb]<\/p>\n<h3 style=\"text-align: center;\"><span style=\"font-family: avenirltstd-book;\"><strong> <i class=\"icon-check\"><\/i>  Gesti\u00f3n de Inmuebles<\/strong><\/span><\/h3>\n<h4><span style=\"font-family: avenirltstd-book;\">Obtenga una visi\u00f3n hol\u00edstica de su cartera. Aproveche toda la informaci\u00f3n disponible para realizar un control y seguimiento exhaustivo del uso y rentabilidad de sus inmuebles.<\/span><\/h4>\n<p>[\/vc_column_text][\/vc_column][vc_column width=\u00bb1\/3&#8243; css=\u00bb.vc_custom_1610280822637{background-color: #cccccc !important;background-position: center !important;background-repeat: no-repeat !important;background-size: cover !important;border-radius: 15px !important;}\u00bb][vc_single_image image=\u00bb14679&#8243; img_size=\u00bb500x250px\u00bb alignment=\u00bbcenter\u00bb style=\u00bbvc_box_shadow_3d\u00bb][vc_column_text]<\/p>\n<h3 style=\"text-align: center;\"><span style=\"font-family: avenirltstd-book;\"><strong><i class=\"icon-check\"><\/i>  Gesti\u00f3n de Arrendamientos<\/strong><\/span><\/h3>\n<h4><span style=\"font-family: avenirltstd-book;\">Simplifique y automatice la administraci\u00f3n de los arrendamientos. Revise vencimientos y monitorice contratos, rentas y costes operativos mediante comprensibles cuadros de mando.<\/span><\/h4>\n<p>[\/vc_column_text][\/vc_column][vc_column width=\u00bb1\/3&#8243; css=\u00bb.vc_custom_1610280840406{background-color: #cccccc !important;background-position: center !important;background-repeat: no-repeat !important;background-size: cover !important;border-radius: 15px !important;}\u00bb][vc_single_image image=\u00bb14678&#8243; img_size=\u00bb500x250px\u00bb alignment=\u00bbcenter\u00bb style=\u00bbvc_box_shadow_3d\u00bb][vc_column_text]<\/p>\n<h3 style=\"text-align: center;\"><span style=\"font-family: avenirltstd-book;\"><strong><i class=\"icon-check\"><\/i>  Anal\u00edtica de Espacios<\/strong><\/span><\/h3>\n<h4><span style=\"font-family: avenirltstd-book;\">Realice an\u00e1lisis comparativos de capacidad, utilizaci\u00f3n y rendimiento de sus espacios. Agregue la informaci\u00f3n financiera y optimice sus programas de espacios.<\/span><\/h4>\n<p>[\/vc_column_text][\/vc_column][\/vc_row][vc_row equal_height=\u00bbyes\u00bb][vc_column width=\u00bb1\/3&#8243; css=\u00bb.vc_custom_1610280871129{background-color: #cccccc !important;background-position: center !important;background-repeat: no-repeat !important;background-size: cover !important;border-radius: 15px !important;}\u00bb][vc_single_image image=\u00bb14680&#8243; img_size=\u00bb500x250px\u00bb alignment=\u00bbcenter\u00bb style=\u00bbvc_box_shadow_3d\u00bb][vc_column_text responsive_font=\u00bbyes\u00bb]<\/p>\n<h3 style=\"text-align: center;\"><span style=\"font-family: avenirltstd-book;\"><strong> <i class=\"icon-check\"><\/i>  Administraci\u00f3n Econ\u00f3mica<\/strong><\/span><\/h3>\n<h4><span style=\"font-family: avenirltstd-book;\">Disponga de un registro normalizado de gastos e ingresos. Examine la evoluci\u00f3n del gasto, mantenga el control presupuestario y automatice la repercusi\u00f3n de costes a inquilinos.<\/span><\/h4>\n<p>[\/vc_column_text][\/vc_column][vc_column width=\u00bb1\/3&#8243; css=\u00bb.vc_custom_1610280898378{background-color: #cccccc !important;background-position: center !important;background-repeat: no-repeat !important;background-size: cover !important;border-radius: 15px !important;}\u00bb][vc_single_image image=\u00bb14853&#8243; img_size=\u00bb500x250px\u00bb style=\u00bbvc_box_shadow_3d\u00bb][vc_column_text]<\/p>\n<h3 style=\"text-align: center;\"><span style=\"font-family: avenirltstd-book;\"><strong><i class=\"icon-check\"><\/i>  Project Management<\/strong><\/span><\/h3>\n<h4><span style=\"font-family: avenirltstd-book;\">Planifique y gestione f\u00e1cilmente sus proyectos inmobiliarios. Automatice el control y seguimiento de las inversiones. Agilice el proceso de recepci\u00f3n de obras o nuevos activos.<\/span><\/h4>\n<p>[\/vc_column_text][\/vc_column][vc_column width=\u00bb1\/3&#8243; css=\u00bb.vc_custom_1610280884186{background-color: #cccccc !important;background-position: center !important;background-repeat: no-repeat !important;background-size: cover !important;border-radius: 15px !important;}\u00bb][vc_single_image image=\u00bb14681&#8243; img_size=\u00bb500x250px\u00bb alignment=\u00bbcenter\u00bb style=\u00bbvc_box_shadow_3d\u00bb][vc_column_text responsive_font=\u00bbyes\u00bb]<\/p>\n<h3 style=\"text-align: center;\"><span style=\"font-family: avenirltstd-book;\"><strong> <i class=\"icon-check\"><\/i>  Gesti\u00f3n de Incidencias<\/strong><\/span><\/h3>\n<h4><span style=\"font-family: avenirltstd-book;\">Agilice la gesti\u00f3n de <\/span><span style=\"font-family: avenirltstd-book;\">incidencias acorde a los ANS establecidos, agilice la atenci\u00f3n a inquilinos mediante la automatizaci\u00f3n de flujos de trabajo y m<\/span><span style=\"font-family: avenirltstd-book;\">ejore la experiencia de los usuarios.<\/span><\/h4>\n<p>[\/vc_column_text][\/vc_column][\/vc_row][vc_row equal_height=\u00bbyes\u00bb][vc_column width=\u00bb1\/3&#8243; css=\u00bb.vc_custom_1610280914151{background-color: #cccccc !important;background-position: center !important;background-repeat: no-repeat !important;background-size: cover !important;border-radius: 15px !important;}\u00bb][vc_single_image image=\u00bb14672&#8243; img_size=\u00bb500x250px\u00bb alignment=\u00bbcenter\u00bb style=\u00bbvc_box_shadow_3d\u00bb][vc_column_text]<\/p>\n<h3 style=\"text-align: center;\"><strong><i class=\"icon-check\"><\/i>  Cumplimiento Normativo<\/strong><\/h3>\n<h4><span style=\"font-family: avenirltstd-book;\">Realice la gesti\u00f3n regulatoria, legal y normativa apoy\u00e1ndose en procesos espec\u00edficamente dise\u00f1ados para minimizar los riesgo asumidos y fundamentar las acciones correctivas.\u00a0<\/span><\/h4>\n<p>[\/vc_column_text][\/vc_column][vc_column width=\u00bb1\/3&#8243; css=\u00bb.vc_custom_1610280929326{background-color: #cccccc !important;background-position: center !important;background-repeat: no-repeat !important;background-size: cover !important;border-radius: 15px !important;}\u00bb][vc_single_image image=\u00bb14682&#8243; img_size=\u00bb500x250px\u00bb alignment=\u00bbcenter\u00bb style=\u00bbvc_box_shadow_3d\u00bb][vc_column_text responsive_font=\u00bbyes\u00bb]<\/p>\n<h3 style=\"text-align: center;\"><span style=\"font-family: avenirltstd-book;\"><strong> <i class=\"icon-check\"><\/i>  Sostenibilidad<\/strong><\/span><\/h3>\n<h4><span style=\"font-family: avenirltstd-book;\">Automatice la administraci\u00f3n de la informaci\u00f3n medioambiental. Establezca procesos objetivos y din\u00e1micos de auto-evaluaci\u00f3n y fundamente sus programas de sostenibilidad.<\/span><\/h4>\n<p>[\/vc_column_text][\/vc_column][vc_column width=\u00bb1\/3&#8243; css=\u00bb.vc_custom_1614096683085{background-color: #aaefee !important;background-position: center !important;background-repeat: no-repeat !important;background-size: cover !important;border-radius: 15px !important;}\u00bb][vc_single_image image=\u00bb14674&#8243; img_size=\u00bb500x250px\u00bb alignment=\u00bbcenter\u00bb style=\u00bbvc_box_shadow_3d\u00bb][vc_column_text]<\/p>\n<h3 style=\"text-align: center;\"><span style=\"font-family: avenirltstd-book;\"><strong><i class=\"icon-check\"><\/i>  Interconexi\u00f3n<\/strong><\/span><\/h3>\n<h4><span style=\"font-family: avenirltstd-book;\">Sincronice la informaci\u00f3n de sus inmuebles con el ERP corporativo. Automatice el intercambio de informaci\u00f3n con <em>partners<\/em> y proveedores (tasadoras, proveedores, arrendatarios, etc.).<\/span><\/h4>\n<p>[\/vc_column_text][\/vc_column][\/vc_row][vc_row equal_height=\u00bbyes\u00bb][vc_column width=\u00bb1\/3&#8243; css=\u00bb.vc_custom_1614090269989{background-color: #bdd6ad !important;border-radius: 15px !important;}\u00bb][vc_single_image image=\u00bb14878&#8243; img_size=\u00bb500x250px\u00bb alignment=\u00bbcenter\u00bb style=\u00bbvc_box_shadow_3d\u00bb][vc_column_text]<\/p>\n<h3 style=\"text-align: center;\"><strong><span style=\"font-family: avenirltstd-book;\"><span style=\"font-family: avenirltstd-book;\"><i class=\"icon-check\"><\/i>  Catalogaci\u00f3n de superficies<\/span><\/span><\/strong><\/h3>\n<h4><span style=\"font-family: avenirltstd-book;\">Inventariado <strong>normalizado<\/strong> de espacios: <\/span><span style=\"font-family: avenirltstd-book;\">C\u00e1lculo y catalogaci\u00f3n de superficies acorde a est\u00e1ndares (<i>BOMA\/IFMA\/IPMS<\/i>). Clasificaci\u00f3n funcional acorde a est\u00e1ndares (<em>OSCRE, UNICLASS,<\/em> etc.).<\/span><\/h4>\n<p>[\/vc_column_text][\/vc_column][vc_column width=\u00bb1\/3&#8243; css=\u00bb.vc_custom_1614090304683{background-color: #bdd6ad !important;border-radius: 15px !important;}\u00bb][vc_single_image image=\u00bb14683&#8243; img_size=\u00bb500x250px\u00bb alignment=\u00bbcenter\u00bb style=\u00bbvc_box_shadow_3d\u00bb][vc_column_text]<\/p>\n<h3 style=\"text-align: center;\"><span style=\"font-family: avenirltstd-book;\"><strong><i class=\"icon-check\"><\/i>  Inventario &amp; Documentaci\u00f3n<\/strong><\/span><\/h3>\n<h4><span style=\"font-family: avenirltstd-book;\">Inventariado de activos inmobiliarios a partir de la<\/span><span style=\"font-family: avenirltstd-book;\"> informaci\u00f3n legada. Geolocalizaci\u00f3n, registro de contratos (arrendamiento, suministros, etc.)\u00a0 y dem\u00e1s documentaci\u00f3n de gesti\u00f3n.<\/span><\/h4>\n<p>[\/vc_column_text][\/vc_column][vc_column width=\u00bb1\/3&#8243; css=\u00bb.vc_custom_1614090319097{background-color: #bdd6ad !important;border-radius: 15px !important;}\u00bb][vc_single_image image=\u00bb14886&#8243; img_size=\u00bb500x250px\u00bb alignment=\u00bbcenter\u00bb style=\u00bbvc_box_shadow_3d\u00bb][vc_column_text]<\/p>\n<h3 style=\"text-align: center;\"><span style=\"font-family: avenirltstd-book;\"><strong><i class=\"icon-check\"><\/i>  Registro de normativas<\/strong><\/span><\/h3>\n<h4><span style=\"font-family: avenirltstd-book;\">Registro de normativas y regulaciones adaptado a la organizaci\u00f3n, incluyendo la documentaci\u00f3n de soporte a la gesti\u00f3n (<em>certificaciones, legalizaciones,<\/em> etc).<\/span><\/h4>\n<p>[\/vc_column_text][\/vc_column][\/vc_row]<\/p>\n","protected":false},"excerpt":{"rendered":"<p>[vc_row inner_container=\u00bbno\u00bb padding_top=\u00bb1&#8243; padding_bottom=\u00bb1&#8243;][vc_column][vc_single_image image=\u00bb14660&#8243; img_size=\u00bb1920px\u00bb alignment=\u00bbcenter\u00bb full_width=\u00bbyes\u00bb][\/vc_column][\/vc_row][vc_row content_placement=\u00bbmiddle\u00bb text_align=\u00bbcenter\u00bb text_color=\u00bb#0a0a0a\u00bb type=\u00bbcolor\u00bb bg_color=\u00bb#fff9ed\u00bb padding_top=\u00bb\u00bb padding_bottom=\u00bb\u00bb fixed_height=\u00bb\u00bb][vc_column css=\u00bb.vc_custom_1609580378482{border-radius: 30px !important;}\u00bb][vc_wp_text] GESTIONE EFICIENTEMENTE SU CARTERA DE INMUEBLES [\/vc_wp_text][\/vc_column][\/vc_row][vc_row section_type=\u00bbfooter\u00bb type=\u00bbcolor\u00bb bg_color=\u00bb#fff9ed\u00bb padding_top=\u00bb\u00bb padding_bottom=\u00bb\u00bb min_height=\u00bb\u00bb fixed_height=\u00bb\u00bb][vc_column][vc_column_text responsive_font=\u00bbyes\u00bb] APLICACIONES Y SERVICIOS [\/vc_column_text][\/vc_column][\/vc_row][vc_row equal_height=\u00bbyes\u00bb][vc_column css_animation=\u00bbnone\u00bb width=\u00bb1\/3&#8243; css=\u00bb.vc_custom_1610280853514{background-color: #cccccc !important;background-position: center !important;background-repeat: no-repeat !important;background-size: cover !important;border-radius: 15px !important;}\u00bb][vc_single_image image=\u00bb14676&#8243; img_size=\u00bb500&#215;250&#8243; alignment=\u00bbcenter\u00bb style=\u00bbvc_box_shadow_3d\u00bb full_width=\u00bbyes\u00bb][vc_column_text responsive_font=\u00bbyes\u00bb] Gesti\u00f3n de [&hellip;]<\/p>\n","protected":false},"author":1,"featured_media":0,"parent":99,"menu_order":0,"comment_status":"closed","ping_status":"closed","template":"","meta":{"footnotes":""},"class_list":["post-14657","page","type-page","status-publish","hentry"],"_links":{"self":[{"href":"https:\/\/www.asc-spain.es\/index.php\/wp-json\/wp\/v2\/pages\/14657","targetHints":{"allow":["GET"]}}],"collection":[{"href":"https:\/\/www.asc-spain.es\/index.php\/wp-json\/wp\/v2\/pages"}],"about":[{"href":"https:\/\/www.asc-spain.es\/index.php\/wp-json\/wp\/v2\/types\/page"}],"author":[{"embeddable":true,"href":"https:\/\/www.asc-spain.es\/index.php\/wp-json\/wp\/v2\/users\/1"}],"replies":[{"embeddable":true,"href":"https:\/\/www.asc-spain.es\/index.php\/wp-json\/wp\/v2\/comments?post=14657"}],"version-history":[{"count":113,"href":"https:\/\/www.asc-spain.es\/index.php\/wp-json\/wp\/v2\/pages\/14657\/revisions"}],"predecessor-version":[{"id":15438,"href":"https:\/\/www.asc-spain.es\/index.php\/wp-json\/wp\/v2\/pages\/14657\/revisions\/15438"}],"up":[{"embeddable":true,"href":"https:\/\/www.asc-spain.es\/index.php\/wp-json\/wp\/v2\/pages\/99"}],"wp:attachment":[{"href":"https:\/\/www.asc-spain.es\/index.php\/wp-json\/wp\/v2\/media?parent=14657"}],"curies":[{"name":"wp","href":"https:\/\/api.w.org\/{rel}","templated":true}]}}