{"id":13296,"date":"2020-04-22T09:06:48","date_gmt":"2020-04-22T07:06:48","guid":{"rendered":"https:\/\/www.asc-spain.es\/?page_id=13296"},"modified":"2025-05-22T09:47:19","modified_gmt":"2025-05-22T07:47:19","slug":"quienes-somos","status":"publish","type":"page","link":"https:\/\/www.asc-spain.es\/index.php\/compania\/quienes-somos\/","title":{"rendered":"Quienes somos"},"content":{"rendered":"<p>[vc_row content_placement=\u00bbtop\u00bb inner_container=\u00bbno\u00bb section_type=\u00bbheader\u00bb padding_top=\u00bb\u00bb padding_bottom=\u00bb\u00bb][vc_column][vc_single_image image=\u00bb13184&#8243; img_size=\u00bb1920px\u00bb full_width=\u00bbyes\u00bb][\/vc_column][\/vc_row][vc_row][vc_column][vc_column_text]<\/p>\n<h2 style=\"text-align: center;\">Tecnolog\u00eda, Conocimiento y Experiencia<\/h2>\n<h3 style=\"text-align: center;\">Utilice datos confiables y transforme la gesti\u00f3n del ciclo <u>completo<\/u> de sus activos construidos<\/h3>\n<p>[\/vc_column_text][\/vc_column][\/vc_row][vc_row][vc_column width=\u00bb1\/3&#8243;][vc_single_image image=\u00bb13477&#8243; img_size=\u00bb500&#8243; alignment=\u00bbcenter\u00bb style=\u00bbvc_box_shadow\u00bb][vc_column_text responsive_font=\u00bbyes\u00bb]<\/p>\n<h3 style=\"text-align: left;\"><span style=\"font-family: avenirltstd-book;\"><strong> <i class=\"icon-check\"><\/i>  VALORES<\/strong><\/span><\/h3>\n<h4>Con m\u00e1s de 20 a\u00f1os de experiencia, transformamos cada reto en una oportunidad para crear valor real para nuestros clientes y la sociedad. Nuestra forma de trabajar se basa en principios s\u00f3lidos: \u00e9tica, eficiencia, proactividad, responsabilidad, transparencia, rigor, escucha activa y un fuerte esp\u00edritu de equipo. Son estos valores los que nos impulsan a ir siempre un paso m\u00e1s all\u00e1.<\/h4>\n<h4><\/h4>\n<p>[\/vc_column_text][\/vc_column][vc_column width=\u00bb1\/3&#8243;][vc_single_image image=\u00bb13478&#8243; img_size=\u00bb500&#8243; alignment=\u00bbcenter\u00bb style=\u00bbvc_box_shadow\u00bb][vc_column_text]<\/p>\n<h3 style=\"text-align: left;\"><strong><i class=\"icon-check\"><\/i>  <\/strong><b>MISI\u00d3N<\/b><\/h3>\n<h4>Queremos ir m\u00e1s all\u00e1 de ser un referente global en la gesti\u00f3n integral del entorno construido: aspiramos a liderar una nueva era donde la inteligencia de datos transforme cada decisi\u00f3n. Nuestras soluciones son hol\u00edsticas, personalizadas y totalmente integradas, apoyadas en la experiencia, tecnolog\u00eda de vanguardia y una firme gobernanza del dato como motor de eficiencia, sostenibilidad y valor estrat\u00e9gico<em><span style=\"color: #ff9900;\">.<\/span><\/em><\/h4>\n<p>[\/vc_column_text][\/vc_column][vc_column width=\u00bb1\/3&#8243;][vc_single_image image=\u00bb13480&#8243; img_size=\u00bb500&#8243; alignment=\u00bbcenter\u00bb style=\u00bbvc_box_shadow\u00bb][vc_column_text]<\/p>\n<h3 style=\"text-align: left;\"><strong><i class=\"icon-check\"><\/i>  <\/strong><b>VISI\u00d3N<\/b><\/h3>\n<h4>Llevamos m\u00e1s de dos d\u00e9cadas anticipando el futuro del <em>Real Estate, Asset &amp; Facility Management<\/em>, liderando la transformaci\u00f3n digital con una visi\u00f3n clara: ayudar a las organizaciones a alcanzar la m\u00e1xima eficiencia operativa y maximizar el valor de sus activos construidos. Nuestra apuesta por la excelencia en el servicio, la innovaci\u00f3n constante y el poder de los datos empodera a nuestros clientes.<\/h4>\n<p>[\/vc_column_text][\/vc_column][\/vc_row][vc_row][vc_column]<div class=\"text-center\"><a class=\"btn btn-special btn-primary btn-xl\" href=\"https:\/\/www.asc-spain.es\/index.php\/compania\/contacto\/\" style=\"font-size: 20px;font-weight: 700;border: none !important; box-shadow: none;border: none !important;\">Contactar<\/a><\/div>[\/vc_column][\/vc_row]<\/p>\n","protected":false},"excerpt":{"rendered":"<p>[vc_row content_placement=\u00bbtop\u00bb inner_container=\u00bbno\u00bb section_type=\u00bbheader\u00bb padding_top=\u00bb\u00bb padding_bottom=\u00bb\u00bb][vc_column][vc_single_image image=\u00bb13184&#8243; img_size=\u00bb1920px\u00bb full_width=\u00bbyes\u00bb][\/vc_column][\/vc_row][vc_row][vc_column][vc_column_text] Tecnolog\u00eda, Conocimiento y Experiencia Utilice datos confiables y transforme la gesti\u00f3n del ciclo completo de sus activos construidos [\/vc_column_text][\/vc_column][\/vc_row][vc_row][vc_column width=\u00bb1\/3&#8243;][vc_single_image image=\u00bb13477&#8243; img_size=\u00bb500&#8243; alignment=\u00bbcenter\u00bb style=\u00bbvc_box_shadow\u00bb][vc_column_text responsive_font=\u00bbyes\u00bb] VALORES Con m\u00e1s de 20 a\u00f1os de experiencia, transformamos cada reto en una oportunidad para crear valor real para nuestros clientes y la sociedad. Nuestra forma [&hellip;]<\/p>\n","protected":false},"author":1,"featured_media":0,"parent":110,"menu_order":0,"comment_status":"closed","ping_status":"closed","template":"page-templates\/full-width.php","meta":{"footnotes":""},"class_list":["post-13296","page","type-page","status-publish","hentry"],"_links":{"self":[{"href":"https:\/\/www.asc-spain.es\/index.php\/wp-json\/wp\/v2\/pages\/13296","targetHints":{"allow":["GET"]}}],"collection":[{"href":"https:\/\/www.asc-spain.es\/index.php\/wp-json\/wp\/v2\/pages"}],"about":[{"href":"https:\/\/www.asc-spain.es\/index.php\/wp-json\/wp\/v2\/types\/page"}],"author":[{"embeddable":true,"href":"https:\/\/www.asc-spain.es\/index.php\/wp-json\/wp\/v2\/users\/1"}],"replies":[{"embeddable":true,"href":"https:\/\/www.asc-spain.es\/index.php\/wp-json\/wp\/v2\/comments?post=13296"}],"version-history":[{"count":54,"href":"https:\/\/www.asc-spain.es\/index.php\/wp-json\/wp\/v2\/pages\/13296\/revisions"}],"predecessor-version":[{"id":15736,"href":"https:\/\/www.asc-spain.es\/index.php\/wp-json\/wp\/v2\/pages\/13296\/revisions\/15736"}],"up":[{"embeddable":true,"href":"https:\/\/www.asc-spain.es\/index.php\/wp-json\/wp\/v2\/pages\/110"}],"wp:attachment":[{"href":"https:\/\/www.asc-spain.es\/index.php\/wp-json\/wp\/v2\/media?parent=13296"}],"curies":[{"name":"wp","href":"https:\/\/api.w.org\/{rel}","templated":true}]}}