{"id":12939,"date":"2017-03-14T12:40:42","date_gmt":"2017-03-14T11:40:42","guid":{"rendered":"https:\/\/seventhqueen.com\/themes\/kleo\/?page_id=12939"},"modified":"2025-05-22T09:00:45","modified_gmt":"2025-05-22T07:00:45","slug":"archibus-solution-center-spain","status":"publish","type":"page","link":"https:\/\/www.asc-spain.es\/","title":{"rendered":"ARCHIBUS SOLUTION CENTER SPAIN"},"content":{"rendered":"<p>[vc_row content_placement=\u00bbtop\u00bb inner_container=\u00bbno\u00bb padding_top=\u00bb\u00bb padding_bottom=\u00bb\u00bb][vc_column css=\u00bb.vc_custom_1590381143713{margin-top: 45px !important;}\u00bb][vc_single_image image=\u00bb13167&#8243; img_size=\u00bb1920px\u00bb alignment=\u00bbcenter\u00bb full_width=\u00bbyes\u00bb visibility=\u00bbhidden-xs,hidden-sm\u00bb css=\u00bb.vc_custom_1747897187143{margin-top: -40px !important;margin-right: 0px !important;margin-bottom: 0px !important;margin-left: 0px !important;border-right-width: 0px !important;border-left-width: 0px !important;padding-right: 0px !important;padding-bottom: 0px !important;padding-left: 0px !important;}\u00bb][vc_empty_space height=\u00bb8px\u00bb][vc_column_text]<\/p>\n<h2 style=\"text-align: center;\"><span style=\"font-family: avenirltstd-book;\">ARCHIBUS PLUS: PLATAFORMA TECNOL\u00d3GICA INTEGRADA Y FLEXIBLE\u00a0<\/span><\/h2>\n<h3 style=\"text-align: center;\">SU SOLUCI\u00d3N PARA LA GESTI\u00d3N COLABORATIVA Y COORDINADA DEL ENTORNO CONSTRUIDO<\/h3>\n<p>[\/vc_column_text][\/vc_column][\/vc_row][vc_row equal_height=\u00bbyes\u00bb][vc_column width=\u00bb1\/4&#8243;][vc_single_image image=\u00bb14337&#8243; img_size=\u00bb200&#215;200&#8243; alignment=\u00bbcenter\u00bb style=\u00bbvc_box_shadow\u00bb onclick=\u00bbcustom_link\u00bb link=\u00bbhttps:\/\/www.asc-spain.es\/index.php\/soluciones\/real-estate\/\u00bb][vc_column_text]<\/p>\n<p style=\"text-align: center;\"><strong><span style=\"font-family: avenirltstd-book; font-size: 12pt;\">CARTERA INMOBILIARIA<\/span><\/strong><\/p>\n<h5 style=\"text-align: left;\"><span style=\"font-family: avenirltstd-book;\">Alinee su cartera inmobiliaria a la estrategia corporativa. Reduzca los costes operativos y agilice la administraci\u00f3n.<\/span><\/h5>\n<p>[\/vc_column_text][\/vc_column][vc_column width=\u00bb1\/4&#8243;][vc_single_image image=\u00bb14338&#8243; img_size=\u00bb200x200px\u00bb alignment=\u00bbcenter\u00bb style=\u00bbvc_box_shadow\u00bb onclick=\u00bbcustom_link\u00bb link=\u00bbhttps:\/\/www.asc-spain.es\/index.php\/soluciones\/real-estate\/\u00bb][vc_column_text]<\/p>\n<p style=\"text-align: center;\"><strong><span style=\"font-family: avenirltstd-book; font-size: 12pt;\">INVERSIONES Y PROYECTOS<\/span><\/strong><\/p>\n<h5 style=\"text-align: left;\"><span style=\"vertical-align: inherit; font-family: avenirltstd-book;\">Programe sus inversiones inmobiliarias bas\u00e1ndose en informaci\u00f3n completa y fiable. Optimice la ejecuci\u00f3n de proyectos.<\/span><\/h5>\n<p>[\/vc_column_text][\/vc_column][vc_column width=\u00bb1\/4&#8243;][vc_single_image image=\u00bb14340&#8243; img_size=\u00bb200x200px\u00bb alignment=\u00bbcenter\u00bb style=\u00bbvc_box_shadow\u00bb onclick=\u00bbcustom_link\u00bb link=\u00bbhttps:\/\/www.asc-spain.es\/index.php\/soluciones\/smart-workplace\/\u00bb][vc_column_text]<\/p>\n<p style=\"text-align: center;\"><strong><span style=\"font-family: avenirltstd-book; font-size: 12pt;\">ESPACIOS Y OCUPACI\u00d3N<\/span><\/strong><\/p>\n<h5 style=\"text-align: left;\"><span style=\"font-family: avenirltstd-book;\">Planifique, provisione y gestione el espacio que requiere su organizaci\u00f3n. <\/span><span style=\"font-family: avenirltstd-book;\">Optimice y maximice la ocupaci\u00f3n y utilizaci\u00f3n del espacio.<\/span><\/h5>\n<p>[\/vc_column_text][\/vc_column][vc_column width=\u00bb1\/4&#8243;][vc_single_image image=\u00bb14339&#8243; img_size=\u00bb200x200px\u00bb alignment=\u00bbcenter\u00bb style=\u00bbvc_box_shadow\u00bb onclick=\u00bbcustom_link\u00bb link=\u00bbhttps:\/\/www.asc-spain.es\/index.php\/soluciones\/real-estate\/\u00bb][vc_column_text]<\/p>\n<p style=\"text-align: center;\"><strong><span style=\"font-family: avenirltstd-book; font-size: 12pt;\">SOSTENIBILIDAD &amp; RIESGOS<\/span><\/strong><\/p>\n<h5 style=\"text-align: left;\"><span style=\"vertical-align: inherit; font-family: avenirltstd-book;\">Asegure el cumplimiento normativo. Monitorice sus programas medioambientales y mejore la eficiencia energ\u00e9tica.<\/span><\/h5>\n<p>[\/vc_column_text][\/vc_column][\/vc_row][vc_row equal_height=\u00bbyes\u00bb content_placement=\u00bbmiddle\u00bb][vc_column width=\u00bb1\/4&#8243;][vc_single_image image=\u00bb14343&#8243; img_size=\u00bb200x200px\u00bb alignment=\u00bbcenter\u00bb style=\u00bbvc_box_shadow\u00bb onclick=\u00bbcustom_link\u00bb link=\u00bbhttps:\/\/www.asc-spain.es\/index.php\/soluciones\/smart-assets\/\u00bb][vc_column_text]<\/p>\n<p style=\"text-align: center;\"><strong><span style=\"font-family: avenirltstd-book; font-size: 12pt;\">GESTI\u00d3N DE ACTIVOS<\/span><\/strong><\/p>\n<h5 style=\"text-align: left;\"><span style=\"font-family: avenirltstd-book;\">Incremente el rendimiento de sus activos. Mejore las tasas de disponibilidad y extienda su ciclo de vida.<\/span><\/h5>\n<p>[\/vc_column_text][\/vc_column][vc_column width=\u00bb1\/4&#8243;][vc_single_image image=\u00bb14342&#8243; img_size=\u00bb200x200px\u00bb alignment=\u00bbcenter\u00bb style=\u00bbvc_box_shadow\u00bb onclick=\u00bbcustom_link\u00bb link=\u00bbhttps:\/\/www.asc-spain.es\/index.php\/soluciones\/smart-assets\/\u00bb][vc_column_text]<\/p>\n<p style=\"text-align: center;\"><strong><span style=\"font-family: avenirltstd-book; font-size: 12pt;\">MANTENIMIENTO<\/span><\/strong><\/p>\n<h5 style=\"text-align: left;\"><span style=\"font-family: avenirltstd-book;\">Optimice la operaci\u00f3n y mantenimiento de sus activos. Monitorice la prestaci\u00f3n de servicios y obtenga las m\u00e9tricas de gesti\u00f3n.<\/span><\/h5>\n<p>[\/vc_column_text][\/vc_column][vc_column width=\u00bb1\/4&#8243; css=\u00bb.vc_custom_1590386612281{margin-right: 50px !important;}\u00bb][vc_single_image image=\u00bb14341&#8243; img_size=\u00bb200x200px\u00bb alignment=\u00bbcenter\u00bb style=\u00bbvc_box_shadow\u00bb onclick=\u00bbcustom_link\u00bb link=\u00bbhttps:\/\/www.asc-spain.es\/index.php\/soluciones\/smart-workplace\/\u00bb][vc_column_text]<\/p>\n<p style=\"text-align: center;\"><strong><span style=\"font-family: avenirltstd-book; font-size: 12pt;\">GESTI\u00d3N DE SERVICIOS<\/span><\/strong><\/p>\n<h5 style=\"text-align: left;\"><span style=\"font-family: avenirltstd-book;\">Automatice la Atenci\u00f3n y Demanda de servicios y optimice los recursos compartidos<\/span><span style=\"font-family: avenirltstd-book;\">.<\/span><\/h5>\n<h5 style=\"text-align: center;\"><\/h5>\n<p>[\/vc_column_text][\/vc_column][vc_column width=\u00bb1\/4&#8243;][vc_single_image image=\u00bb14335&#8243; img_size=\u00bb200x200px\u00bb alignment=\u00bbcenter\u00bb style=\u00bbvc_box_shadow\u00bb onclick=\u00bbcustom_link\u00bb link=\u00bbhttps:\/\/www.asc-spain.es\/index.php\/plataforma-archibus\/conexiones\/\u00bb][vc_column_text]<\/p>\n<p style=\"text-align: center;\"><strong><span style=\"font-family: avenirltstd-book; font-size: 12pt;\">TECNOLOG\u00cdA<\/span><\/strong><\/p>\n<h5><span style=\"font-family: avenirltstd-book;\">Conecte la <em>sens\u00f3rica<\/em> del edificio y <\/span><span style=\"font-family: avenirltstd-book;\">gestione sobre la base de <em>gemelos digitales<\/em>. Disponga de mediciones, m\u00e9tricas, KPIs, tendencias, \u2026<\/span><\/h5>\n<p>[\/vc_column_text][\/vc_column][\/vc_row]<\/p>\n","protected":false},"excerpt":{"rendered":"<p>[vc_row content_placement=\u00bbtop\u00bb inner_container=\u00bbno\u00bb padding_top=\u00bb\u00bb padding_bottom=\u00bb\u00bb][vc_column css=\u00bb.vc_custom_1590381143713{margin-top: 45px !important;}\u00bb][vc_single_image image=\u00bb13167&#8243; img_size=\u00bb1920px\u00bb alignment=\u00bbcenter\u00bb full_width=\u00bbyes\u00bb visibility=\u00bbhidden-xs,hidden-sm\u00bb css=\u00bb.vc_custom_1747897187143{margin-top: -40px !important;margin-right: 0px !important;margin-bottom: 0px !important;margin-left: 0px !important;border-right-width: 0px !important;border-left-width: 0px !important;padding-right: 0px !important;padding-bottom: 0px !important;padding-left: 0px !important;}\u00bb][vc_empty_space height=\u00bb8px\u00bb][vc_column_text] ARCHIBUS PLUS: PLATAFORMA TECNOL\u00d3GICA INTEGRADA Y FLEXIBLE\u00a0 SU SOLUCI\u00d3N PARA LA GESTI\u00d3N COLABORATIVA Y COORDINADA DEL ENTORNO CONSTRUIDO [\/vc_column_text][\/vc_column][\/vc_row][vc_row equal_height=\u00bbyes\u00bb][vc_column width=\u00bb1\/4&#8243;][vc_single_image image=\u00bb14337&#8243; img_size=\u00bb200&#215;200&#8243; alignment=\u00bbcenter\u00bb style=\u00bbvc_box_shadow\u00bb onclick=\u00bbcustom_link\u00bb link=\u00bbhttps:\/\/www.asc-spain.es\/index.php\/soluciones\/real-estate\/\u00bb][vc_column_text] [&hellip;]<\/p>\n","protected":false},"author":1,"featured_media":0,"parent":0,"menu_order":0,"comment_status":"closed","ping_status":"closed","template":"","meta":{"footnotes":""},"class_list":["post-12939","page","type-page","status-publish","hentry"],"_links":{"self":[{"href":"https:\/\/www.asc-spain.es\/index.php\/wp-json\/wp\/v2\/pages\/12939","targetHints":{"allow":["GET"]}}],"collection":[{"href":"https:\/\/www.asc-spain.es\/index.php\/wp-json\/wp\/v2\/pages"}],"about":[{"href":"https:\/\/www.asc-spain.es\/index.php\/wp-json\/wp\/v2\/types\/page"}],"author":[{"embeddable":true,"href":"https:\/\/www.asc-spain.es\/index.php\/wp-json\/wp\/v2\/users\/1"}],"replies":[{"embeddable":true,"href":"https:\/\/www.asc-spain.es\/index.php\/wp-json\/wp\/v2\/comments?post=12939"}],"version-history":[{"count":271,"href":"https:\/\/www.asc-spain.es\/index.php\/wp-json\/wp\/v2\/pages\/12939\/revisions"}],"predecessor-version":[{"id":15734,"href":"https:\/\/www.asc-spain.es\/index.php\/wp-json\/wp\/v2\/pages\/12939\/revisions\/15734"}],"wp:attachment":[{"href":"https:\/\/www.asc-spain.es\/index.php\/wp-json\/wp\/v2\/media?parent=12939"}],"curies":[{"name":"wp","href":"https:\/\/api.w.org\/{rel}","templated":true}]}}